{"id":2246,"date":"2020-09-17T15:05:11","date_gmt":"2020-09-17T13:05:11","guid":{"rendered":"https:\/\/www.fti.bz\/?page_id=2246"},"modified":"2026-04-03T16:36:01","modified_gmt":"2026-04-03T14:36:01","slug":"impressum","status":"publish","type":"page","link":"https:\/\/www.fti.bz\/it\/impressum\/","title":{"rendered":"Impressum"},"content":{"rendered":"\t\t<div data-elementor-type=\"wp-page\" data-elementor-id=\"2246\" class=\"elementor elementor-2246 elementor-1829\">\n\t\t\t\t\t\t<section class=\"elementor-section elementor-top-section elementor-element elementor-element-a008313 elementor-section-boxed elementor-section-height-default elementor-section-height-default\" data-id=\"a008313\" data-element_type=\"section\" data-settings=\"{&quot;jet_parallax_layout_list&quot;:[{&quot;jet_parallax_layout_image&quot;:{&quot;url&quot;:&quot;&quot;,&quot;id&quot;:&quot;&quot;,&quot;size&quot;:&quot;&quot;},&quot;_id&quot;:&quot;f7505ef&quot;,&quot;jet_parallax_layout_speed&quot;:{&quot;unit&quot;:&quot;%&quot;,&quot;size&quot;:&quot;50&quot;,&quot;sizes&quot;:[]},&quot;jet_parallax_layout_bg_x&quot;:&quot;50&quot;,&quot;jet_parallax_layout_bg_y&quot;:&quot;50&quot;,&quot;jet_parallax_layout_image_tablet&quot;:{&quot;url&quot;:&quot;&quot;,&quot;id&quot;:&quot;&quot;,&quot;size&quot;:&quot;&quot;},&quot;jet_parallax_layout_image_mobile&quot;:{&quot;url&quot;:&quot;&quot;,&quot;id&quot;:&quot;&quot;,&quot;size&quot;:&quot;&quot;},&quot;jet_parallax_layout_type&quot;:&quot;scroll&quot;,&quot;jet_parallax_layout_direction&quot;:&quot;1&quot;,&quot;jet_parallax_layout_fx_direction&quot;:null,&quot;jet_parallax_layout_z_index&quot;:&quot;&quot;,&quot;jet_parallax_layout_bg_x_tablet&quot;:&quot;&quot;,&quot;jet_parallax_layout_bg_x_mobile&quot;:&quot;&quot;,&quot;jet_parallax_layout_bg_y_tablet&quot;:&quot;&quot;,&quot;jet_parallax_layout_bg_y_mobile&quot;:&quot;&quot;,&quot;jet_parallax_layout_bg_size&quot;:&quot;auto&quot;,&quot;jet_parallax_layout_bg_size_tablet&quot;:&quot;&quot;,&quot;jet_parallax_layout_bg_size_mobile&quot;:&quot;&quot;,&quot;jet_parallax_layout_animation_prop&quot;:&quot;transform&quot;,&quot;jet_parallax_layout_on&quot;:[&quot;desktop&quot;,&quot;tablet&quot;]}]}\">\n\t\t\t\t\t\t<div class=\"elementor-container elementor-column-gap-no\">\n\t\t\t\t\t<div class=\"elementor-column elementor-col-50 elementor-top-column elementor-element elementor-element-f1025f4\" data-id=\"f1025f4\" data-element_type=\"column\">\n\t\t\t<div class=\"elementor-widget-wrap elementor-element-populated\">\n\t\t\t\t\t\t<div class=\"elementor-element elementor-element-195eb12 elementor-widget elementor-widget-heading\" data-id=\"195eb12\" data-element_type=\"widget\" data-widget_type=\"heading.default\">\n\t\t\t\t<div class=\"elementor-widget-container\">\n\t\t\t\t\t<h2 class=\"elementor-heading-title elementor-size-default\">Impressum<\/h2>\t\t\t\t<\/div>\n\t\t\t\t<\/div>\n\t\t\t\t<div class=\"elementor-element elementor-element-e320cf0 elementor-widget elementor-widget-text-editor\" data-id=\"e320cf0\" data-element_type=\"widget\" data-widget_type=\"text-editor.default\">\n\t\t\t\t<div class=\"elementor-widget-container\">\n\t\t\t\t\t\t\t\t\t<p><strong>Proprietario e responsabile per il contenuto:<br \/><\/strong>Teleriscaldamento Termo-Eletttrico Dobbiaco-San Candido Soc. Coop.<br \/>Via Stazione 8, 39034 Dobbiaco<br \/>Alto Adige \u2013 Italia<br \/>Tel. +39 0474 973214<br \/><a href=\"m&#97;&#x69;&#x6c;&#x74;o&#58;&#x69;&#x6e;&#x66;o&#64;&#x66;&#x74;&#x69;&#46;&#98;&#x7a;\">&#105;n&#x66;o&#x40;f&#x74;i&#x2e;&#98;&#x7a;<\/a><br \/><a href=\"https:\/\/www.fti.bz\">www.fti.bz<\/a><\/p><p>Part.IVA.+Cod.fis.: 01549910212<br \/>Codice destinatario: 2H2LI53<br \/>Pec: <a href=\"&#x6d;&#97;i&#x6c;&#116;o&#x3a;&#x69;&#110;&#x66;&#x6f;&#64;p&#x65;&#99;&#46;&#x66;&#x74;&#105;&#x2e;&#x62;&#122;\">&#105;&#x6e;&#102;&#x6f;&#64;&#x70;e&#x63;&#46;&#x66;t&#105;&#x2e;&#98;&#x7a;<\/a><\/p><p><strong>Materiale fotografico:<\/strong><br \/>Archivio FTI, Fuchsdesign, Hannes Kaiser, Pronet<\/p><p><strong>Avviso di responsabilit\u00e0:<\/strong><br \/>I marchi e le societ\u00e0 citate su questo sito sono di propriet\u00e0 del apposito titolare.<br \/>Nonostante l\u2019attento controllo dei contenuti, non assumiamo nessuna responsabilit\u00e0 per i contenuti relativi a link esterni. Sono responsabili per il contenuto delle pagine collegate esclusivamente i gestori delle pagine stesse.<\/p><p><strong>Obblighi di pubblicit\u00e0 e trasparenza per i contributi pubblici:<\/strong><br \/>(art. 1, commi 125 e 127 della Legge n. 124\/2017)<\/p><p><a href=\"https:\/\/www.fti.bz\/wp-content\/uploads\/Oeffentliche-Zuwendungen2025.pdf\" target=\"_blank\" rel=\"noopener\">Contributi pubblici percepiti 2025<\/a><br \/><a href=\"https:\/\/www.fti.bz\/wp-content\/uploads\/Oeffentliche-Zuwendungen2024.pdf\" target=\"_blank\" rel=\"noopener\">Contributi pubblici percepiti 2024<\/a><br \/><a href=\"https:\/\/www.fti.bz\/wp-content\/uploads\/Oeffentliche-Zuwendungen2023.pdf\" target=\"_blank\" rel=\"noopener\">Contributi pubblici percepiti 2023<\/a><br \/><a href=\"https:\/\/www.fti.bz\/wp-content\/uploads\/Oeffentliche-Zuwendungen2022.pdf\" target=\"_blank\" rel=\"noopener\">Contributi pubblici percepiti 2022<\/a><br \/><a href=\"https:\/\/www.fti.bz\/wp-content\/uploads\/Oeffentliche-Zuwendungen-2021.pdf\" target=\"_blank\" rel=\"noopener\">Contributi pubblici percepiti 2021<\/a><br \/><a href=\"https:\/\/www.fti.bz\/wp-content\/uploads\/oeffentliche-Zuwendungen-2020.pdf\" target=\"_blank\" rel=\"noopener\">Contributi pubblici percepiti 2020<\/a><br \/><a href=\"https:\/\/www.fti.bz\/wp-content\/uploads\/oeffentliche-Zuwendungen-2019.pdf\" target=\"_blank\" rel=\"noopener\">Contributi pubblici percepiti 2019<\/a><br \/><a href=\"https:\/\/www.fti.bz\/wp-content\/uploads\/oeffentliche-Zuwendungen-2018.pdf\" target=\"_blank\" rel=\"noopener\">Contributi pubblici percepiti 2018<\/a><\/p>\t\t\t\t\t\t\t\t<\/div>\n\t\t\t\t<\/div>\n\t\t\t\t\t<\/div>\n\t\t<\/div>\n\t\t\t\t<div class=\"elementor-column elementor-col-50 elementor-top-column elementor-element elementor-element-2ce5500\" data-id=\"2ce5500\" data-element_type=\"column\">\n\t\t\t<div class=\"elementor-widget-wrap elementor-element-populated\">\n\t\t\t\t\t\t<div class=\"elementor-element elementor-element-deea449 elementor-widget elementor-widget-text-editor\" data-id=\"deea449\" data-element_type=\"widget\" data-widget_type=\"text-editor.default\">\n\t\t\t\t<div class=\"elementor-widget-container\">\n\t\t\t\t\t\t\t\t\t<p><strong>Realizzazione, Concetto &amp; Design:<br>\n<\/strong>Fuchsdesign<br>\nVia Dolomiti 25a, 39034 Dobbiaco<br>\nAlto Adige \u2013 Italia<br>\nTel +39 0474 979 048<br>\n<a href=\"&#x6d;&#x61;&#105;&#108;t&#x6f;&#x3a;&#x69;&#110;fo&#x40;&#x66;&#117;&#99;h&#x73;&#x64;&#x65;&#115;ig&#x6e;&#x2e;&#105;&#116;\">&#x69;&#110;&#102;o&#x40;&#x66;&#117;c&#x68;&#x73;&#100;e&#x73;&#x69;&#103;n&#x2e;&#x69;&#116;<\/a><br>\n<a class=\"external-link-new-window\" title=\"Opens external link in new window\" href=\"http:\/\/www.fuchsdesign.it\" target=\"_blank\" rel=\"noopener noreferrer\">www.fuchsdesign.it<\/a><\/p>\n<p><strong>Informazione obbligatoria ai sensi del Regolamento UE n. 524\/2016 del Parlamento europeo e del Consiglio<\/strong><br>\nPiattaforma per la risoluzione delle controversie online dei consumatori (ODR) della Commissione europea: <a href=\"https:\/\/ec.europa.eu\/consumers\/odr\/\" target=\"_blank\" rel=\"noopener noreferrer\">https:\/\/ec.europa.eu\/consumers\/odr\/<\/a><\/p>\t\t\t\t\t\t\t\t<\/div>\n\t\t\t\t<\/div>\n\t\t\t\t\t<\/div>\n\t\t<\/div>\n\t\t\t\t\t<\/div>\n\t\t<\/section>\n\t\t\t\t<\/div>\n\t\t","protected":false},"excerpt":{"rendered":"<p>Impressum Proprietario e responsabile per il contenuto:Teleriscaldamento Termo-Eletttrico Dobbiaco-San Candido Soc. Coop.Via Stazione 8, 39034 DobbiacoAlto Adige \u2013 ItaliaTel. +39 0474 973214&#x69;&#x6e;&#x66;&#x6f;&#x40;&#x66;&#x74;&#x69;&#46;&#98;&#122;www.fti.bz Part.IVA.+Cod.fis.: 01549910212Codice destinatario: 2H2LI53Pec: i&#110;&#x66;&#x6f;&#64;&#112;&#x65;&#x63;&#46;&#102;&#116;&#x69;&#x2e;b&#122; Materiale fotografico:Archivio FTI, Fuchsdesign, Hannes Kaiser, Pronet Avviso di responsabilit\u00e0:I marchi e le societ\u00e0 citate su questo sito sono di propriet\u00e0 del apposito titolare.Nonostante l\u2019attento controllo dei contenuti, [&hellip;]<\/p>\n","protected":false},"author":1,"featured_media":0,"parent":0,"menu_order":0,"comment_status":"closed","ping_status":"closed","template":"full-width.php","meta":{"_acf_changed":false,"footnotes":""},"class_list":["post-2246","page","type-page","status-publish","hentry"],"acf":[],"_links":{"self":[{"href":"https:\/\/www.fti.bz\/it\/wp-json\/wp\/v2\/pages\/2246","targetHints":{"allow":["GET"]}}],"collection":[{"href":"https:\/\/www.fti.bz\/it\/wp-json\/wp\/v2\/pages"}],"about":[{"href":"https:\/\/www.fti.bz\/it\/wp-json\/wp\/v2\/types\/page"}],"author":[{"embeddable":true,"href":"https:\/\/www.fti.bz\/it\/wp-json\/wp\/v2\/users\/1"}],"replies":[{"embeddable":true,"href":"https:\/\/www.fti.bz\/it\/wp-json\/wp\/v2\/comments?post=2246"}],"version-history":[{"count":5,"href":"https:\/\/www.fti.bz\/it\/wp-json\/wp\/v2\/pages\/2246\/revisions"}],"predecessor-version":[{"id":4648,"href":"https:\/\/www.fti.bz\/it\/wp-json\/wp\/v2\/pages\/2246\/revisions\/4648"}],"wp:attachment":[{"href":"https:\/\/www.fti.bz\/it\/wp-json\/wp\/v2\/media?parent=2246"}],"curies":[{"name":"wp","href":"https:\/\/api.w.org\/{rel}","templated":true}]}}